{"id":78,"date":"2021-11-17T19:38:35","date_gmt":"2021-11-17T19:38:35","guid":{"rendered":"http:\/\/xugijeny.cyon.site\/?page_id=78"},"modified":"2024-06-06T14:53:51","modified_gmt":"2024-06-06T12:53:51","slug":"weinberge","status":"publish","type":"page","link":"https:\/\/lesmergats.ch\/fr\/weinberge\/","title":{"rendered":"Vignoble"},"content":{"rendered":"<p>[et_pb_section fb_built=&#187;1&#8243; fullwidth=&#187;on&#187; _builder_version=&#187;4.16&#8243; _module_preset=&#187;default&#187; hover_enabled=&#187;0&#8243; global_colors_info=&#187;{}&#187; sticky_enabled=&#187;0&#8243;][et_pb_fullwidth_slider _builder_version=&#187;4.25.1&#8243; _module_preset=&#187;default&#187; max_height=&#187;550px&#187; hover_enabled=&#187;0&#8243; global_colors_info=&#187;{}&#187; sticky_enabled=&#187;0&#8243;][et_pb_slide _builder_version=&#187;4.25.1&#8243; _module_preset=&#187;default&#187; background_image=&#187;https:\/\/lesmergats.ch\/wp-content\/uploads\/2024\/06\/Image2.jpg&#187; background_enable_image=&#187;on&#187; hover_enabled=&#187;0&#8243; global_colors_info=&#187;{}&#187; sticky_transition=&#187;on&#187; sticky_enabled=&#187;0&#8243; title_text=&#187;vignoble&#187; background_size=&#187;initial&#187;][\/et_pb_slide][\/et_pb_fullwidth_slider][\/et_pb_section][et_pb_section fb_built=&#187;1&#8243; _builder_version=&#187;4.16&#8243; _module_preset=&#187;default&#187; custom_margin=&#187;||-8px|||&#187; custom_padding=&#187;19px||0px|||&#187; global_colors_info=&#187;{}&#187;][et_pb_row _builder_version=&#187;4.16&#8243; _module_preset=&#187;default&#187; global_colors_info=&#187;{}&#187;][et_pb_column type=&#187;4_4&#8243; _builder_version=&#187;4.16&#8243; _module_preset=&#187;default&#187; global_colors_info=&#187;{}&#187;][et_pb_text _builder_version=&#187;4.16&#8243; _module_preset=&#187;default&#187; global_colors_info=&#187;{}&#187;]<\/p>\n<h1 class=\"title-post\">Vignoble \u00e0 Courfaivre, Canton du Jura<\/h1>\n<p>[\/et_pb_text][\/et_pb_column][\/et_pb_row][\/et_pb_section][et_pb_section fb_built=&#187;1&#8243; _builder_version=&#187;4.16&#8243; _module_preset=&#187;default&#187; custom_margin=&#187;3px|||||&#187; custom_padding=&#187;0px|||||&#187; global_colors_info=&#187;{}&#187;][et_pb_row column_structure=&#187;1_2,1_2&#8243; _builder_version=&#187;4.16&#8243; _module_preset=&#187;default&#187; custom_padding=&#187;0px|||||&#187; global_colors_info=&#187;{}&#187;][et_pb_column type=&#187;1_2&#8243; _builder_version=&#187;4.16&#8243; _module_preset=&#187;default&#187; global_colors_info=&#187;{}&#187;][et_pb_image src=&#187;https:\/\/lesmergats.ch\/wp-content\/uploads\/2021\/11\/weinberg.jpg&#187; alt=&#187;Weinberg Courfaivre&#187; title_text=&#187;weinberg&#187; _builder_version=&#187;4.25.1&#8243; _module_preset=&#187;default&#187; global_colors_info=&#187;{}&#187;][\/et_pb_image][\/et_pb_column][et_pb_column type=&#187;1_2&#8243; _builder_version=&#187;4.16&#8243; _module_preset=&#187;default&#187; global_colors_info=&#187;{}&#187;][et_pb_text _builder_version=&#187;4.16&#8243; _module_preset=&#187;default&#187; global_colors_info=&#187;{}&#187;]<\/p>\n<div class=\"ezcol ezcol-one-half ezcol-last\">\n<p>Le petit vignoble d'environ 1 hectare est situ\u00e9 au bord de la rivi\u00e8re 'La Sorne' sur lea pente sud chaude avec vue sur la commune jurassienne de Courfaivre.<\/p>\n<p>Ce vignoble a \u00e9t\u00e9 fond\u00e9 en 2008 et 2009.<\/p>\n<p>Le choix de c\u00e9pages r\u00e9sistants aux maladies issus de notre propre \u00e9levage, d'une culture extensive et d'une v\u00e9g\u00e9tation de sous-\u00e9tage me permet d'utiliser un minimum de pulv\u00e9risations conform\u00e9ment aux directives biologiques. La grande zone de compensation et un biotope abritent une grande vari\u00e9t\u00e9 de plantes ainsi que des insectes, des l\u00e9zards, des crapauds et des grenouilles.<\/p>\n<p>Vous pouvez d\u00e9guster et acheter les vins de Courfaivre \u00e0 Soyhi\u00e8res au Domaine Blattner, et des d\u00e9gustations pour groupes sont \u00e9galement possibles. C'est un avantage de m'annoncer votre visite par t\u00e9l\u00e9phone afin que je puisse prendre le temps n\u00e9cessaire pour vous pr\u00e9senter mes vins. 1 \u00e0 2 d\u00e9gustations et animations sont \u00e9galement organis\u00e9es \u00e0 Courfaivre chaque ann\u00e9e.<\/p>\n<\/div>\n<div class=\"ezcol-divider\"><\/div>\n<p>&nbsp;<\/p>\n<p>[\/et_pb_text][\/et_pb_column][\/et_pb_row][et_pb_row _builder_version=&#187;4.16&#8243; _module_preset=&#187;default&#187; global_colors_info=&#187;{}&#187;][et_pb_column type=&#187;4_4&#8243; _builder_version=&#187;4.16&#8243; _module_preset=&#187;default&#187; global_colors_info=&#187;{}&#187;][et_pb_divider color=&#187;RGBA(38,38,38,0.5)&#187; _builder_version=&#187;4.16&#8243; _module_preset=&#187;default&#187; global_colors_info=&#187;{}&#187;][\/et_pb_divider][\/et_pb_column][\/et_pb_row][et_pb_row column_structure=&#187;2_5,3_5&#8243; _builder_version=&#187;4.16&#8243; _module_preset=&#187;default&#187; module_alignment=&#187;center&#187; custom_margin=&#187;|427px||auto||&#187; custom_padding=&#187;1px|||||&#187; global_colors_info=&#187;{}&#187;][et_pb_column type=&#187;2_5&#8243; _builder_version=&#187;4.16&#8243; _module_preset=&#187;default&#187; global_colors_info=&#187;{}&#187;][et_pb_image src=&#187;https:\/\/lesmergats.ch\/wp-content\/uploads\/2021\/11\/cropped-mergats_katze.png&#187; alt=&#187;mergats katze&#187; title_text=&#187;cropped-mergats_katze.png&#187; _builder_version=&#187;4.25.1&#8243; _module_preset=&#187;default&#187; custom_margin=&#187;|0px|||false|false&#187; custom_padding=&#187;|0px|||false|false&#187; global_colors_info=&#187;{}&#187;][\/et_pb_image][\/et_pb_column][et_pb_column type=&#187;3_5&#8243; _builder_version=&#187;4.16&#8243; _module_preset=&#187;default&#187; global_colors_info=&#187;{}&#187;][et_pb_text _builder_version=&#187;4.25.1&#8243; _module_preset=&#187;default&#187; custom_margin=&#187;0px||||false|false&#187; custom_padding=&#187;0px||||false|false&#187; global_colors_info=&#187;{}&#187;]<\/p>\n<div id=\"content\" class=\"page-wrap\">\n<div class=\"content-wrapper container\">\n<div class=\"row\">\n<div id=\"primary\" class=\"content-area\">\n<article id=\"post-1122\" class=\"post-1122 page type-page status-publish hentry\">\n<div class=\"entry-content\">\n<div class=\"ezcol ezcol-two-third ezcol-last\">\n<h3>D\u2019ou vient le nom \u00abLes Mergats\u00bb ?<img loading=\"lazy\" decoding=\"async\" src=\"https:\/\/lesmergats.ch\/wp-content\/uploads\/2021\/11\/wappen.png\" width=\"116\" height=\"135\" alt=\"wappen\" class=\"wp-image-15 alignnone size-full\" style=\"font-size: 22px; float: right;\" \/><\/h3>\n<p>Les armoiries du village de Courfaivre repr\u00e9sentent un chat, plus pr\u00e9cis\u00e9ment<span style=\"font-size: 14px;\">un matou qui dans l'ancien dialecte Patois est dis \u00ab le Mergat \u00bb.<\/span><\/p>\n<p>Ainsi, les habitants de Courfaivre sont appel\u00e9s les Mergats.<\/p>\n<p>Cela m'a donn\u00e9 l'id\u00e9e d'immortaliser le Mergat, sur mes \u00e9tiquettes de vin avec mon propre design.<\/p>\n<p>Vous pouvez d\u00e9couvrir une explication historique de la fa\u00e7on dont Courfaivre tire son nom\u00a0<a href=\"https:\/\/www.courfaivre.com\/index.php?option=com_content&amp;view=article&amp;id=118:signification-des-armoiries-de-la-commune-de-courfaivre&amp;catid=24:notre-village&amp;Itemid=176\" target=\"_blank\" rel=\"noopener\">ici.<\/a><\/p>\n<\/div>\n<\/div>\n<\/article>\n<\/div>\n<\/div>\n<\/div>\n<\/div>\n<footer id=\"colophon\" class=\"site-footer\" role=\"contentinfo\"><\/footer>\n<p>[\/et_pb_text][\/et_pb_column][\/et_pb_row][\/et_pb_section]<\/p>","protected":false},"excerpt":{"rendered":"<p>Weinberg in Courfaivre, Kanton Jura Der kleine Weinberg von ca. 1ha befindet sich am Ufer des Flusses \u201aLa Sorne\u2019 am warmen S\u00fcdhang mit Blick auf die jurassische Gemeinde Courfaivre. Entstanden ist dieser Weinberg im Jahre 2008 und 2009. Die Wahl von krankheitsresistenten Traubensorten aus eigener Z\u00fcchtung, extensive Bewirtschaftung und Unterstock-Begr\u00fcnung erlaubt mir einen minimalen Spritzmitteleinsatz [&hellip;]<\/p>","protected":false},"author":1,"featured_media":0,"parent":0,"menu_order":0,"comment_status":"closed","ping_status":"closed","template":"","meta":{"_et_pb_use_builder":"on","_et_pb_old_content":"","_et_gb_content_width":"","footnotes":""},"class_list":["post-78","page","type-page","status-publish","hentry"],"jetpack_sharing_enabled":true,"_links":{"self":[{"href":"https:\/\/lesmergats.ch\/fr\/wp-json\/wp\/v2\/pages\/78","targetHints":{"allow":["GET"]}}],"collection":[{"href":"https:\/\/lesmergats.ch\/fr\/wp-json\/wp\/v2\/pages"}],"about":[{"href":"https:\/\/lesmergats.ch\/fr\/wp-json\/wp\/v2\/types\/page"}],"author":[{"embeddable":true,"href":"https:\/\/lesmergats.ch\/fr\/wp-json\/wp\/v2\/users\/1"}],"replies":[{"embeddable":true,"href":"https:\/\/lesmergats.ch\/fr\/wp-json\/wp\/v2\/comments?post=78"}],"version-history":[{"count":4,"href":"https:\/\/lesmergats.ch\/fr\/wp-json\/wp\/v2\/pages\/78\/revisions"}],"predecessor-version":[{"id":29082,"href":"https:\/\/lesmergats.ch\/fr\/wp-json\/wp\/v2\/pages\/78\/revisions\/29082"}],"wp:attachment":[{"href":"https:\/\/lesmergats.ch\/fr\/wp-json\/wp\/v2\/media?parent=78"}],"curies":[{"name":"wp","href":"https:\/\/api.w.org\/{rel}","templated":true}]}}